{"id":1213,"date":"2020-09-25T12:25:49","date_gmt":"2020-09-25T10:25:49","guid":{"rendered":"https:\/\/www.angelika-frank.com\/referenzen"},"modified":"2025-12-05T11:58:22","modified_gmt":"2025-12-05T10:58:22","slug":"references","status":"publish","type":"page","link":"https:\/\/www.angelika-frank.com\/en\/references","title":{"rendered":"References"},"content":{"rendered":"\t\t\t<section  class=\"content-section vc_backgroundimage vc_bg_image_medium   stretch-row vc-cover   no-margin\"  style=\"background-position:center center;background-image:url(https:\/\/www.angelika-frank.com\/wp-content\/uploads\/2020\/08\/referenzenaufmacher.jpg);\"  >\n\n\t\t\t\t\n\t\t\t\t\n\t\t\t\t\n\t\t\t\t<div class=\"row  \">\n\n\t\t\t\t\t[vc_column][\/vc_column]\n\t\t\t\t<\/div>\n\n\t\t\t\t\n\t\t\t\t\n\t\t\t\n\t\t\t\n\t\t<\/section>\n\n\t\t\t\t<section  class=\"content-section    pt-40-xs pb-40-xs pt-50-md pb-50-md pt-70-lg pb-70-lg  no-margin\"    >\n\n\t\t\t\t\n\t\t\t\t\n\t\t\t\t\n\t\t\t\t<div class=\"row  \">\n\n\t\t\t\t\t[vc_column width=&#8221;2\/3&#8243;]\t\t<div  class=\"ls-vc-image wpb_content_element \">\n\n\t\t\t\n\t\t\t\t<div class=\"image \">\n\n\t\t\t\t\t<div class=\"image__img \">\n\n\t\t\t\t\t\t\n\t\t\t\t\t\t\t<span class=\"image_wrap\">\n\n\t\t\t\t\t\t\t\t\n\t\t\t\t\t\t\t\t<img loading=\"lazy\" decoding=\"async\"  src=\"https:\/\/www.angelika-frank.com\/wp-content\/uploads\/2020\/08\/referenzenzeitschriften-768x512.jpg\" alt=\"\" width=\"768\" height=\"512\">\n\n\t\t\t\t\t\t\t\t\n\t\t\t\t\t\t\t\t\n\t\t\t\t\t\t\t<\/span>\n\n\t\t\t\t\t\t\n\t\t\t\t\t\t\n\t\t\t\t\t<\/div><!-- end \/.image__img -->\n\n\t\t\t\t<\/div><!-- end \/.image -->\n\n\t\t\t\n\t\t<\/div><!-- end \/.ls-vc-image -->\n\n\t\t[\/vc_column][vc_column width=&#8221;1\/3&#8243;][vc_column_text css=&#8221;&#8221; vc_rwd=&#8221;&#8221;]<strong>Magazines<\/strong><\/p>\n<p>Burda Verlag, Offenburg<br \/>\nCenturion Journal, Munich<br \/>\nCity Journal, Munich<br \/>\nDeco Home, Munich<br \/>\nfoodhunter, Munich<br \/>\nInspiration, Zurich<br \/>\nInterior Fashion, F\u00fcrth<br \/>\nK\u00e4fer Zeitung, Munich<br \/>\nLiving &amp; More, Cogone<br \/>\n<span lang=\"EN-US\">Maria Stella Diana PR, Cogone<\/span><br \/>\nM. M\u00fcller &amp; Sohn, Munich<br \/>\nSAZsport, Munich<br \/>\nSportswear International, Milan<br \/>\nStores + Shops, Colgone<br \/>\nThe Harbor Magazine, Gr\u00fcnwald<br \/>\nTM, Dusseldorf<br \/>\nTrachten Journal, Munich<br \/>\nVM+SD, Cincinnati, USA[\/vc_column_text][\/vc_column]\n\t\t\t\t<\/div>\n\n\t\t\t\t\n\t\t\t\t\n\t\t\t\n\t\t\t\n\t\t<\/section>\n\n\t\t\t\t<section  class=\"content-section    pb-40-xs pb-50-md pb-70-lg  no-margin\"    >\n\n\t\t\t\t\n\t\t\t\t\n\t\t\t\t\n\t\t\t\t<div class=\"row  \">\n\n\t\t\t\t\t[vc_column width=&#8221;2\/3&#8243; vc_columns_push=&#8221;ls-col-md-push-4&#8243;]\t\t<div  class=\"ls-vc-image wpb_content_element \">\n\n\t\t\t\n\t\t\t\t<div class=\"image \">\n\n\t\t\t\t\t<div class=\"image__img \">\n\n\t\t\t\t\t\t\n\t\t\t\t\t\t\t<span class=\"image_wrap\">\n\n\t\t\t\t\t\t\t\t\n\t\t\t\t\t\t\t\t<img loading=\"lazy\" decoding=\"async\"  src=\"https:\/\/www.angelika-frank.com\/wp-content\/uploads\/2020\/08\/referenzencolthing-768x512.jpg\" alt=\"\" width=\"768\" height=\"512\">\n\n\t\t\t\t\t\t\t\t\n\t\t\t\t\t\t\t\t\n\t\t\t\t\t\t\t<\/span>\n\n\t\t\t\t\t\t\n\t\t\t\t\t\t\n\t\t\t\t\t<\/div><!-- end \/.image__img -->\n\n\t\t\t\t<\/div><!-- end \/.image -->\n\n\t\t\t\n\t\t<\/div><!-- end \/.ls-vc-image -->\n\n\t\t[\/vc_column][vc_column width=&#8221;1\/3&#8243; vc_columns_pull=&#8221;ls-col-md-pull-8&#8243;][vc_column_text]<strong>Companies<\/strong><\/p>\n<p>Akademie Handel, Munich<br \/>\nBayerisches Innenministerium, Munich<br \/>\nBeyond Foundation, Erlenbach<br \/>\nBreuninger GmbH &amp; Co, Stuttgart<br \/>\nelly Heuss-Knapp Familienbildungsst\u00e4tte, Munich<br \/>\nGoethe Institut, Tansania<br \/>\nHarald Haute Couture, London<br \/>\nHickl-Vesting PR, M\u00fcnchen<br \/>\nHirmer GmbH &amp; Co KG, Munich<br \/>\nIRW Germany, Duisburg, Toronto<br \/>\nLiganova, Stuttgart<br \/>\nMarkt Murnau am Staffelsee<br \/>\nVMM, Aalen<br \/>\nWerner Wunderlich, Munich[\/vc_column_text][\/vc_column]\n\t\t\t\t<\/div>\n\n\t\t\t\t\n\t\t\t\t\n\t\t\t\n\t\t\t\n\t\t<\/section>\n\n\t\n","protected":false},"excerpt":{"rendered":"[vc_column][\/vc_column] [vc_column width=\"2\/3\"] [\/vc_column][vc_column width=\"1\/3\"][vc_column_text css=\"\" vc_rwd=\"\"]Magazines Burda Verlag, Offenburg Centurion Journal, Munich City Journal, Munich Deco Home, Munich foodhunter, Munich Inspiration, Zurich Interior Fashion, F\u00fcrth K\u00e4fer Zeitung, Munich Living &amp; More, Cogone Maria Stella Diana PR, Cogone M. M\u00fcller &amp; Sohn, Munich SAZsport, Munich Sportswear International, Milan Stores + <a class=\"moretag\" href=\"https:\/\/www.angelika-frank.com\/en\/references\">read more...<\/a>","protected":false},"author":1,"featured_media":0,"parent":0,"menu_order":26,"comment_status":"closed","ping_status":"closed","template":"","meta":{"_acf_changed":false,"footnotes":""},"class_list":["post-1213","page","type-page","status-publish","hentry"],"acf":[],"_links":{"self":[{"href":"https:\/\/www.angelika-frank.com\/en\/wp-json\/wp\/v2\/pages\/1213","targetHints":{"allow":["GET"]}}],"collection":[{"href":"https:\/\/www.angelika-frank.com\/en\/wp-json\/wp\/v2\/pages"}],"about":[{"href":"https:\/\/www.angelika-frank.com\/en\/wp-json\/wp\/v2\/types\/page"}],"author":[{"embeddable":true,"href":"https:\/\/www.angelika-frank.com\/en\/wp-json\/wp\/v2\/users\/1"}],"replies":[{"embeddable":true,"href":"https:\/\/www.angelika-frank.com\/en\/wp-json\/wp\/v2\/comments?post=1213"}],"version-history":[{"count":7,"href":"https:\/\/www.angelika-frank.com\/en\/wp-json\/wp\/v2\/pages\/1213\/revisions"}],"predecessor-version":[{"id":1325,"href":"https:\/\/www.angelika-frank.com\/en\/wp-json\/wp\/v2\/pages\/1213\/revisions\/1325"}],"wp:attachment":[{"href":"https:\/\/www.angelika-frank.com\/en\/wp-json\/wp\/v2\/media?parent=1213"}],"curies":[{"name":"wp","href":"https:\/\/api.w.org\/{rel}","templated":true}]}}